{"id":7929,"date":"2021-11-29T08:25:00","date_gmt":"2021-11-29T07:25:00","guid":{"rendered":"https:\/\/diebessertester.de\/blog\/"},"modified":"2022-07-06T11:54:35","modified_gmt":"2022-07-06T09:54:35","slug":"blog","status":"publish","type":"page","link":"https:\/\/diebessertester.de\/pl\/blog\/","title":{"rendered":"Blog"},"content":{"rendered":"\t\t<div data-elementor-type=\"wp-page\" data-elementor-id=\"7929\" class=\"elementor elementor-7929\" data-elementor-post-type=\"page\">\n\t\t\t\t\t\t\t\t\t<section class=\"elementor-section elementor-top-section elementor-element elementor-element-60ccef7b elementor-section-boxed elementor-section-height-default elementor-section-height-default\" data-id=\"60ccef7b\" data-element_type=\"section\" data-settings=\"{&quot;background_background&quot;:&quot;classic&quot;,&quot;shape_divider_bottom&quot;:&quot;mountains&quot;}\">\n\t\t\t\t\t<div class=\"elementor-shape elementor-shape-bottom\" data-negative=\"false\">\n\t\t\t<svg xmlns=\"http:\/\/www.w3.org\/2000\/svg\" viewBox=\"0 0 1000 100\" preserveAspectRatio=\"none\">\n\t<path class=\"elementor-shape-fill\" opacity=\"0.33\" d=\"M473,67.3c-203.9,88.3-263.1-34-320.3,0C66,119.1,0,59.7,0,59.7V0h1000v59.7 c0,0-62.1,26.1-94.9,29.3c-32.8,3.3-62.8-12.3-75.8-22.1C806,49.6,745.3,8.7,694.9,4.7S492.4,59,473,67.3z\"\/>\n\t<path class=\"elementor-shape-fill\" opacity=\"0.66\" d=\"M734,67.3c-45.5,0-77.2-23.2-129.1-39.1c-28.6-8.7-150.3-10.1-254,39.1 s-91.7-34.4-149.2,0C115.7,118.3,0,39.8,0,39.8V0h1000v36.5c0,0-28.2-18.5-92.1-18.5C810.2,18.1,775.7,67.3,734,67.3z\"\/>\n\t<path class=\"elementor-shape-fill\" d=\"M766.1,28.9c-200-57.5-266,65.5-395.1,19.5C242,1.8,242,5.4,184.8,20.6C128,35.8,132.3,44.9,89.9,52.5C28.6,63.7,0,0,0,0 h1000c0,0-9.9,40.9-83.6,48.1S829.6,47,766.1,28.9z\"\/>\n<\/svg>\t\t<\/div>\n\t\t\t\t\t<div class=\"elementor-container elementor-column-gap-wider\">\n\t\t\t\t\t<div class=\"elementor-column elementor-col-100 elementor-top-column elementor-element elementor-element-c8c9b45\" data-id=\"c8c9b45\" data-element_type=\"column\">\n\t\t\t<div class=\"elementor-widget-wrap elementor-element-populated\">\n\t\t\t\t\t\t\t\t<div class=\"elementor-element elementor-element-1b38ef10 elementor-widget elementor-widget-heading\" data-id=\"1b38ef10\" data-element_type=\"widget\" data-widget_type=\"heading.default\">\n\t\t\t\t<div class=\"elementor-widget-container\">\n\t\t\t<h2 class=\"elementor-heading-title elementor-size-default\">Blog<\/h2>\t\t<\/div>\n\t\t\t\t<\/div>\n\t\t\t\t<div class=\"elementor-element elementor-element-d2bf3dc elementor-widget-divider--view-line elementor-widget elementor-widget-global elementor-global-4642 elementor-widget-divider\" data-id=\"d2bf3dc\" data-element_type=\"widget\" data-widget_type=\"divider.default\">\n\t\t\t\t<div class=\"elementor-widget-container\">\n\t\t\t\t\t<div class=\"elementor-divider\">\n\t\t\t<span class=\"elementor-divider-separator\">\n\t\t\t\t\t\t<\/span>\n\t\t<\/div>\n\t\t\t\t<\/div>\n\t\t\t\t<\/div>\n\t\t\t\t\t<\/div>\n\t\t<\/div>\n\t\t\t\t\t\t\t<\/div>\n\t\t<\/section>\n\t\t\t\t<section class=\"elementor-section elementor-top-section elementor-element elementor-element-8a14b26 elementor-section-boxed elementor-section-height-default elementor-section-height-default\" data-id=\"8a14b26\" data-element_type=\"section\">\n\t\t\t\t\t\t<div class=\"elementor-container elementor-column-gap-default\">\n\t\t\t\t\t<div class=\"elementor-column elementor-col-100 elementor-top-column elementor-element elementor-element-fd9a42d\" data-id=\"fd9a42d\" data-element_type=\"column\">\n\t\t\t<div class=\"elementor-widget-wrap elementor-element-populated\">\n\t\t\t\t\t\t\t\t<div class=\"elementor-element elementor-element-3e25f74 arrows-relative-to-box_area preserve-img-ratio-cover bullets-small-dot-stroke elementor-widget elementor-widget-the7_elements_carousel\" data-id=\"3e25f74\" data-element_type=\"widget\" data-widget_type=\"the7_elements_carousel.default\">\n\t\t\t\t<div class=\"elementor-widget-container\">\n\t\t\t<div class=\"carousel-nav-display-always   disable-arrows-hover-bg the7_elements_carousel-3e25f74 owl-carousel portfolio-carousel-shortcode elementor-owl-carousel-call portfolio-shortcode the7-elementor-widget content-bg-on classic-layout-list description-under-image quick-scale-img meta-info-off\" data-scroll-mode=\"1\" data-col-num=\"2\" data-wide-col-num=\"2\" data-laptop-col=\"1\" data-h-tablet-columns-num=\"1\" data-v-tablet-columns-num=\"1\" data-phone-columns-num=\"1\" data-auto-height=\"false\" data-col-gap=\"15\" data-col-gap-tablet=\"10\" data-col-gap-mobile=\"\" data-speed=\"600\" data-autoplay=\"false\" data-autoplay_speed=\"\"><article class=\"post visible post-7985 type-post status-publish format-standard has-post-thumbnail hentry category-bez-kategorii\">\n\n\t<div class=\"post-thumbnail-wrap\">\n\t\t<div class=\"post-thumbnail\">\n\n\t\t\t<a class=\"post-thumbnail-rollover layzr-bg img-css-resize-wrapper\" aria-label=\"Post image\" href=\"https:\/\/diebessertester.de\/pl\/codzienne-testy-pcr\/\"><img width=\"1600\" height=\"900\" src=\"data:image\/svg+xml,%3Csvg%20xmlns%3D&#039;http%3A%2F%2Fwww.w3.org%2F2000%2Fsvg&#039;%20viewBox%3D&#039;0%200%201600%20900&#039;%2F%3E\" class=\"attachment-full size-full preload-me aspect lazy lazy-load\" alt=\"\" loading=\"eager\" sizes=\"(max-width: 1600px) 100vw, 1600px\" style=\"--ratio: 1600 \/ 900;\" data-src=\"https:\/\/diebessertester.de\/wp-content\/uploads\/2021\/11\/Labor.jpg\" data-srcset=\"https:\/\/diebessertester.de\/wp-content\/uploads\/2021\/11\/Labor.jpg 1600w, https:\/\/diebessertester.de\/wp-content\/uploads\/2021\/11\/Labor-300x169.jpg 300w, https:\/\/diebessertester.de\/wp-content\/uploads\/2021\/11\/Labor-1024x576.jpg 1024w, https:\/\/diebessertester.de\/wp-content\/uploads\/2021\/11\/Labor-768x432.jpg 768w, https:\/\/diebessertester.de\/wp-content\/uploads\/2021\/11\/Labor-1536x864.jpg 1536w\" \/><\/a>\n\t\t<\/div>\n\t<\/div>\n\n\n<div class=\"post-entry-content\">\n\n\t<h3 class=\"ele-entry-title\"><a href=\"https:\/\/diebessertester.de\/pl\/codzienne-testy-pcr\/\" rel=\"bookmark\" title=\"Testy PCR codziennie do 10:00\">Testy PCR codziennie do 10:00<\/a><\/h3><div class=\"entry-excerpt\"><p>Planowane wakacje? Potrzebny test PCR? Testujemy codziennie do 10 rano z wynikami tego samego dnia w lokalizacjach Prenzlau i Hoheng\u00fcstow.<\/p>\n<\/div><a href=\"https:\/\/diebessertester.de\/pl\/codzienne-testy-pcr\/\" target=\"\" aria-label=\"Read more about Testy PCR codziennie do 10:00\" class=\"box-button elementor-button elementor-size-xs\">mehr<\/a>\n<\/div><\/article><article class=\"post visible post-7994 type-post status-publish format-standard has-post-thumbnail hentry category-bez-kategorii\">\n\n\t<div class=\"post-thumbnail-wrap\">\n\t\t<div class=\"post-thumbnail\">\n\n\t\t\t<a class=\"post-thumbnail-rollover layzr-bg img-css-resize-wrapper\" aria-label=\"Post image\" href=\"https:\/\/diebessertester.de\/pl\/joinstar-kontra-omicron\/\"><img width=\"1400\" height=\"1000\" src=\"data:image\/svg+xml,%3Csvg%20xmlns%3D&#039;http%3A%2F%2Fwww.w3.org%2F2000%2Fsvg&#039;%20viewBox%3D&#039;0%200%201400%201000&#039;%2F%3E\" class=\"attachment-full size-full preload-me aspect lazy lazy-load\" alt=\"\" loading=\"eager\" sizes=\"(max-width: 1400px) 100vw, 1400px\" style=\"--ratio: 1400 \/ 1000;\" data-src=\"https:\/\/diebessertester.de\/wp-content\/uploads\/2021\/01\/Omikron.jpg\" data-srcset=\"https:\/\/diebessertester.de\/wp-content\/uploads\/2021\/01\/Omikron.jpg 1400w, https:\/\/diebessertester.de\/wp-content\/uploads\/2021\/01\/Omikron-300x214.jpg 300w, https:\/\/diebessertester.de\/wp-content\/uploads\/2021\/01\/Omikron-1024x731.jpg 1024w, https:\/\/diebessertester.de\/wp-content\/uploads\/2021\/01\/Omikron-768x549.jpg 768w\" \/><\/a>\n\t\t<\/div>\n\t<\/div>\n\n\n<div class=\"post-entry-content\">\n\n\t<h3 class=\"ele-entry-title\"><a href=\"https:\/\/diebessertester.de\/pl\/joinstar-kontra-omicron\/\" rel=\"bookmark\" title=\"Joinstar kontra Omicron\">Joinstar kontra Omicron<\/a><\/h3><div class=\"entry-excerpt\"><p>Szybki test antygenowy jest u\u017cyteczny tylko wtedy, gdy mo\u017ce wiarygodnie wykry\u0107 najcz\u0119stsz\u0105 obecnie odmian\u0119 wirusa: omikron.<\/p>\n<\/div><a href=\"https:\/\/diebessertester.de\/pl\/joinstar-kontra-omicron\/\" target=\"\" aria-label=\"Read more about Joinstar kontra Omicron\" class=\"box-button elementor-button elementor-size-xs\">mehr<\/a>\n<\/div><\/article><article class=\"post visible post-7976 type-post status-publish format-standard has-post-thumbnail hentry category-bez-kategorii\">\n\n\t<div class=\"post-thumbnail-wrap\">\n\t\t<div class=\"post-thumbnail\">\n\n\t\t\t<a class=\"post-thumbnail-rollover layzr-bg img-css-resize-wrapper\" aria-label=\"Post image\" href=\"https:\/\/diebessertester.de\/pl\/wszystkie-lokalizacje-otwarte\/\"><img width=\"1400\" height=\"1000\" src=\"data:image\/svg+xml,%3Csvg%20xmlns%3D&#039;http%3A%2F%2Fwww.w3.org%2F2000%2Fsvg&#039;%20viewBox%3D&#039;0%200%201400%201000&#039;%2F%3E\" class=\"attachment-full size-full preload-me aspect lazy lazy-load\" alt=\"\" loading=\"eager\" sizes=\"(max-width: 1400px) 100vw, 1400px\" style=\"--ratio: 1400 \/ 1000;\" data-src=\"https:\/\/diebessertester.de\/wp-content\/uploads\/2021\/11\/Foto_01.jpg\" data-srcset=\"https:\/\/diebessertester.de\/wp-content\/uploads\/2021\/11\/Foto_01.jpg 1400w, https:\/\/diebessertester.de\/wp-content\/uploads\/2021\/11\/Foto_01-300x214.jpg 300w, https:\/\/diebessertester.de\/wp-content\/uploads\/2021\/11\/Foto_01-1024x731.jpg 1024w, https:\/\/diebessertester.de\/wp-content\/uploads\/2021\/11\/Foto_01-768x549.jpg 768w\" \/><\/a>\n\t\t<\/div>\n\t<\/div>\n\n\n<div class=\"post-entry-content\">\n\n\t<h3 class=\"ele-entry-title\"><a href=\"https:\/\/diebessertester.de\/pl\/wszystkie-lokalizacje-otwarte\/\" rel=\"bookmark\" title=\"Wszystkie lokalizacje otwarte\">Wszystkie lokalizacje otwarte<\/a><\/h3><div class=\"entry-excerpt\"><p>Dy\u017curujemy 7 dni w tygodniu w 5 lokalizacjach w Brandenburgii i Turyngii.<\/p>\n<\/div><a href=\"https:\/\/diebessertester.de\/pl\/wszystkie-lokalizacje-otwarte\/\" target=\"\" aria-label=\"Read more about Wszystkie lokalizacje otwarte\" class=\"box-button elementor-button elementor-size-xs\">mehr<\/a>\n<\/div><\/article><\/div><div class=\"owl-nav disabled\"><a class=\"owl-prev\" role=\"button\"><i class=\"fas fa-chevron-left\"><\/i><\/a><a class=\"owl-next\" role=\"button\"><i class=\"fas fa-chevron-right\"><\/i><\/a><\/div>\t\t<\/div>\n\t\t\t\t<\/div>\n\t\t\t\t\t<\/div>\n\t\t<\/div>\n\t\t\t\t\t\t\t<\/div>\n\t\t<\/section>\n\t\t\t\t\t\t\t<\/div>\n\t\t","protected":false},"excerpt":{"rendered":"<p>Blog PCR-Tests t\u00e4glich bis 10 Uhr Urlaub geplant? PCR-Test ben\u00f6tigt? Wir testen t\u00e4glich bis 10 Uhr mit tagesgleichem Ergebnis an den Standorten Prenzlau und Hoheng\u00fcstow. mehr Joinstar vs. Omikron Ein Antigen-Schnelltest ist nur n\u00fctzlich, wenn er verl\u00e4sslich die momentan h\u00e4ufigste Variante des Virus nachweisen kann: Omikron. mehr Alle Standorte er\u00f6ffnet An 5 Standorten in Brandenburg&hellip;<\/p>\n","protected":false},"author":6,"featured_media":0,"parent":0,"menu_order":70,"comment_status":"closed","ping_status":"closed","template":"elementor_header_footer","meta":[],"yoast_head":"<!-- This site is optimized with the Yoast SEO plugin v20.6 - https:\/\/yoast.com\/wordpress\/plugins\/seo\/ -->\n<title>Blog | Die Bessertester<\/title>\n<meta name=\"robots\" content=\"index, follow, max-snippet:-1, max-image-preview:large, max-video-preview:-1\" \/>\n<link rel=\"canonical\" href=\"https:\/\/diebessertester.de\/pl\/blog\/\" \/>\n<meta property=\"og:locale\" content=\"pl_PL\" \/>\n<meta property=\"og:type\" content=\"article\" \/>\n<meta property=\"og:title\" content=\"Blog | Die Bessertester\" \/>\n<meta property=\"og:description\" content=\"Blog PCR-Tests t\u00e4glich bis 10 Uhr Urlaub geplant? PCR-Test ben\u00f6tigt? Wir testen t\u00e4glich bis 10 Uhr mit tagesgleichem Ergebnis an den Standorten Prenzlau und Hoheng\u00fcstow. mehr Joinstar vs. Omikron Ein Antigen-Schnelltest ist nur n\u00fctzlich, wenn er verl\u00e4sslich die momentan h\u00e4ufigste Variante des Virus nachweisen kann: Omikron. mehr Alle Standorte er\u00f6ffnet An 5 Standorten in Brandenburg&hellip;\" \/>\n<meta property=\"og:url\" content=\"https:\/\/diebessertester.de\/pl\/blog\/\" \/>\n<meta property=\"og:site_name\" content=\"Die Bessertester\" \/>\n<meta property=\"article:publisher\" content=\"https:\/\/www.facebook.com\/diebessertester\" \/>\n<meta property=\"article:modified_time\" content=\"2022-07-06T09:54:35+00:00\" \/>\n<meta name=\"twitter:card\" content=\"summary_large_image\" \/>\n<meta name=\"twitter:site\" content=\"@bessertester\" \/>\n<script type=\"application\/ld+json\" class=\"yoast-schema-graph\">{\"@context\":\"https:\/\/schema.org\",\"@graph\":[{\"@type\":\"WebPage\",\"@id\":\"https:\/\/diebessertester.de\/pl\/blog\/\",\"url\":\"https:\/\/diebessertester.de\/pl\/blog\/\",\"name\":\"Blog | Die Bessertester\",\"isPartOf\":{\"@id\":\"https:\/\/diebessertester.de\/pl\/#website\"},\"datePublished\":\"2021-11-29T07:25:00+00:00\",\"dateModified\":\"2022-07-06T09:54:35+00:00\",\"breadcrumb\":{\"@id\":\"https:\/\/diebessertester.de\/pl\/blog\/#breadcrumb\"},\"inLanguage\":\"pl-PL\",\"potentialAction\":[{\"@type\":\"ReadAction\",\"target\":[\"https:\/\/diebessertester.de\/pl\/blog\/\"]}]},{\"@type\":\"BreadcrumbList\",\"@id\":\"https:\/\/diebessertester.de\/pl\/blog\/#breadcrumb\",\"itemListElement\":[{\"@type\":\"ListItem\",\"position\":1,\"name\":\"Startseite\",\"item\":\"https:\/\/diebessertester.de\/pl\/strona-glowna\/\"},{\"@type\":\"ListItem\",\"position\":2,\"name\":\"Blog\"}]},{\"@type\":\"WebSite\",\"@id\":\"https:\/\/diebessertester.de\/pl\/#website\",\"url\":\"https:\/\/diebessertester.de\/pl\/\",\"name\":\"Die Bessertester\",\"description\":\"informieren \u2013 testen \u2013 leben\",\"publisher\":{\"@id\":\"https:\/\/diebessertester.de\/pl\/#organization\"},\"potentialAction\":[{\"@type\":\"SearchAction\",\"target\":{\"@type\":\"EntryPoint\",\"urlTemplate\":\"https:\/\/diebessertester.de\/pl\/?s={search_term_string}\"},\"query-input\":\"required name=search_term_string\"}],\"inLanguage\":\"pl-PL\"},{\"@type\":\"Organization\",\"@id\":\"https:\/\/diebessertester.de\/pl\/#organization\",\"name\":\"Die BesserTester\",\"url\":\"https:\/\/diebessertester.de\/pl\/\",\"logo\":{\"@type\":\"ImageObject\",\"inLanguage\":\"pl-PL\",\"@id\":\"https:\/\/diebessertester.de\/pl\/#\/schema\/logo\/image\/\",\"url\":\"https:\/\/diebessertester.de\/wp-content\/uploads\/2021\/12\/Die-BesserTester_Logo_L.png\",\"contentUrl\":\"https:\/\/diebessertester.de\/wp-content\/uploads\/2021\/12\/Die-BesserTester_Logo_L.png\",\"width\":360,\"height\":60,\"caption\":\"Die BesserTester\"},\"image\":{\"@id\":\"https:\/\/diebessertester.de\/pl\/#\/schema\/logo\/image\/\"},\"sameAs\":[\"https:\/\/www.facebook.com\/diebessertester\",\"https:\/\/twitter.com\/bessertester\",\"https:\/\/www.instagram.com\/diebessertester\/\"]}]}<\/script>\n<!-- \/ Yoast SEO plugin. -->","yoast_head_json":{"title":"Blog | Die Bessertester","robots":{"index":"index","follow":"follow","max-snippet":"max-snippet:-1","max-image-preview":"max-image-preview:large","max-video-preview":"max-video-preview:-1"},"canonical":"https:\/\/diebessertester.de\/pl\/blog\/","og_locale":"pl_PL","og_type":"article","og_title":"Blog | Die Bessertester","og_description":"Blog PCR-Tests t\u00e4glich bis 10 Uhr Urlaub geplant? PCR-Test ben\u00f6tigt? Wir testen t\u00e4glich bis 10 Uhr mit tagesgleichem Ergebnis an den Standorten Prenzlau und Hoheng\u00fcstow. mehr Joinstar vs. Omikron Ein Antigen-Schnelltest ist nur n\u00fctzlich, wenn er verl\u00e4sslich die momentan h\u00e4ufigste Variante des Virus nachweisen kann: Omikron. mehr Alle Standorte er\u00f6ffnet An 5 Standorten in Brandenburg&hellip;","og_url":"https:\/\/diebessertester.de\/pl\/blog\/","og_site_name":"Die Bessertester","article_publisher":"https:\/\/www.facebook.com\/diebessertester","article_modified_time":"2022-07-06T09:54:35+00:00","twitter_card":"summary_large_image","twitter_site":"@bessertester","schema":{"@context":"https:\/\/schema.org","@graph":[{"@type":"WebPage","@id":"https:\/\/diebessertester.de\/pl\/blog\/","url":"https:\/\/diebessertester.de\/pl\/blog\/","name":"Blog | Die Bessertester","isPartOf":{"@id":"https:\/\/diebessertester.de\/pl\/#website"},"datePublished":"2021-11-29T07:25:00+00:00","dateModified":"2022-07-06T09:54:35+00:00","breadcrumb":{"@id":"https:\/\/diebessertester.de\/pl\/blog\/#breadcrumb"},"inLanguage":"pl-PL","potentialAction":[{"@type":"ReadAction","target":["https:\/\/diebessertester.de\/pl\/blog\/"]}]},{"@type":"BreadcrumbList","@id":"https:\/\/diebessertester.de\/pl\/blog\/#breadcrumb","itemListElement":[{"@type":"ListItem","position":1,"name":"Startseite","item":"https:\/\/diebessertester.de\/pl\/strona-glowna\/"},{"@type":"ListItem","position":2,"name":"Blog"}]},{"@type":"WebSite","@id":"https:\/\/diebessertester.de\/pl\/#website","url":"https:\/\/diebessertester.de\/pl\/","name":"Die Bessertester","description":"informieren \u2013 testen \u2013 leben","publisher":{"@id":"https:\/\/diebessertester.de\/pl\/#organization"},"potentialAction":[{"@type":"SearchAction","target":{"@type":"EntryPoint","urlTemplate":"https:\/\/diebessertester.de\/pl\/?s={search_term_string}"},"query-input":"required name=search_term_string"}],"inLanguage":"pl-PL"},{"@type":"Organization","@id":"https:\/\/diebessertester.de\/pl\/#organization","name":"Die BesserTester","url":"https:\/\/diebessertester.de\/pl\/","logo":{"@type":"ImageObject","inLanguage":"pl-PL","@id":"https:\/\/diebessertester.de\/pl\/#\/schema\/logo\/image\/","url":"https:\/\/diebessertester.de\/wp-content\/uploads\/2021\/12\/Die-BesserTester_Logo_L.png","contentUrl":"https:\/\/diebessertester.de\/wp-content\/uploads\/2021\/12\/Die-BesserTester_Logo_L.png","width":360,"height":60,"caption":"Die BesserTester"},"image":{"@id":"https:\/\/diebessertester.de\/pl\/#\/schema\/logo\/image\/"},"sameAs":["https:\/\/www.facebook.com\/diebessertester","https:\/\/twitter.com\/bessertester","https:\/\/www.instagram.com\/diebessertester\/"]}]}},"publishpress_future_action":{"enabled":false,"date":"1970-01-01 01:00:00","action":"","terms":[],"taxonomy":"","browser_timezone_offset":0},"_links":{"self":[{"href":"https:\/\/diebessertester.de\/pl\/wp-json\/wp\/v2\/pages\/7929"}],"collection":[{"href":"https:\/\/diebessertester.de\/pl\/wp-json\/wp\/v2\/pages"}],"about":[{"href":"https:\/\/diebessertester.de\/pl\/wp-json\/wp\/v2\/types\/page"}],"author":[{"embeddable":true,"href":"https:\/\/diebessertester.de\/pl\/wp-json\/wp\/v2\/users\/6"}],"replies":[{"embeddable":true,"href":"https:\/\/diebessertester.de\/pl\/wp-json\/wp\/v2\/comments?post=7929"}],"version-history":[{"count":0,"href":"https:\/\/diebessertester.de\/pl\/wp-json\/wp\/v2\/pages\/7929\/revisions"}],"wp:attachment":[{"href":"https:\/\/diebessertester.de\/pl\/wp-json\/wp\/v2\/media?parent=7929"}],"curies":[{"name":"wp","href":"https:\/\/api.w.org\/{rel}","templated":true}]}}