{"id":7936,"date":"2021-11-26T11:32:33","date_gmt":"2021-11-26T10:32:33","guid":{"rendered":"https:\/\/diebessertester.de\/rezerwacja-wizyt\/"},"modified":"2022-11-28T14:42:11","modified_gmt":"2022-11-28T13:42:11","slug":"rezerwacja-wizyt","status":"publish","type":"page","link":"https:\/\/diebessertester.de\/pl\/rezerwacja-wizyt\/","title":{"rendered":"Rezerwacja terminu"},"content":{"rendered":"\t\t<div data-elementor-type=\"wp-page\" data-elementor-id=\"7936\" class=\"elementor elementor-7936\" data-elementor-post-type=\"page\">\n\t\t\t\t\t\t\t\t\t<section class=\"elementor-section elementor-top-section elementor-element elementor-element-60ccef7b elementor-section-boxed elementor-section-height-default elementor-section-height-default\" data-id=\"60ccef7b\" data-element_type=\"section\" data-settings=\"{&quot;background_background&quot;:&quot;classic&quot;,&quot;shape_divider_bottom&quot;:&quot;mountains&quot;}\">\n\t\t\t\t\t<div class=\"elementor-shape elementor-shape-bottom\" data-negative=\"false\">\n\t\t\t<svg xmlns=\"http:\/\/www.w3.org\/2000\/svg\" viewBox=\"0 0 1000 100\" preserveAspectRatio=\"none\">\n\t<path class=\"elementor-shape-fill\" opacity=\"0.33\" d=\"M473,67.3c-203.9,88.3-263.1-34-320.3,0C66,119.1,0,59.7,0,59.7V0h1000v59.7 c0,0-62.1,26.1-94.9,29.3c-32.8,3.3-62.8-12.3-75.8-22.1C806,49.6,745.3,8.7,694.9,4.7S492.4,59,473,67.3z\"\/>\n\t<path class=\"elementor-shape-fill\" opacity=\"0.66\" d=\"M734,67.3c-45.5,0-77.2-23.2-129.1-39.1c-28.6-8.7-150.3-10.1-254,39.1 s-91.7-34.4-149.2,0C115.7,118.3,0,39.8,0,39.8V0h1000v36.5c0,0-28.2-18.5-92.1-18.5C810.2,18.1,775.7,67.3,734,67.3z\"\/>\n\t<path class=\"elementor-shape-fill\" d=\"M766.1,28.9c-200-57.5-266,65.5-395.1,19.5C242,1.8,242,5.4,184.8,20.6C128,35.8,132.3,44.9,89.9,52.5C28.6,63.7,0,0,0,0 h1000c0,0-9.9,40.9-83.6,48.1S829.6,47,766.1,28.9z\"\/>\n<\/svg>\t\t<\/div>\n\t\t\t\t\t<div class=\"elementor-container elementor-column-gap-wider\">\n\t\t\t\t\t<div class=\"elementor-column elementor-col-100 elementor-top-column elementor-element elementor-element-c8c9b45\" data-id=\"c8c9b45\" data-element_type=\"column\">\n\t\t\t<div class=\"elementor-widget-wrap elementor-element-populated\">\n\t\t\t\t\t\t\t\t<div class=\"elementor-element elementor-element-1b38ef10 elementor-widget elementor-widget-heading\" data-id=\"1b38ef10\" data-element_type=\"widget\" data-widget_type=\"heading.default\">\n\t\t\t\t<div class=\"elementor-widget-container\">\n\t\t\t<h2 class=\"elementor-heading-title elementor-size-default\">Rezerwacja terminu<\/h2>\t\t<\/div>\n\t\t\t\t<\/div>\n\t\t\t\t<div class=\"elementor-element elementor-element-bc0dea4 elementor-widget-divider--view-line elementor-widget elementor-widget-divider\" data-id=\"bc0dea4\" data-element_type=\"widget\" data-widget_type=\"divider.default\">\n\t\t\t\t<div class=\"elementor-widget-container\">\n\t\t\t\t\t<div class=\"elementor-divider\">\n\t\t\t<span class=\"elementor-divider-separator\">\n\t\t\t\t\t\t<\/span>\n\t\t<\/div>\n\t\t\t\t<\/div>\n\t\t\t\t<\/div>\n\t\t\t\t\t<\/div>\n\t\t<\/div>\n\t\t\t\t\t\t\t<\/div>\n\t\t<\/section>\n\t\t\t\t<section class=\"elementor-section elementor-top-section elementor-element elementor-element-9e4373e elementor-section-content-middle elementor-section-boxed elementor-section-height-default elementor-section-height-default\" data-id=\"9e4373e\" data-element_type=\"section\" data-settings=\"{&quot;background_background&quot;:&quot;classic&quot;}\">\n\t\t\t\t\t\t<div class=\"elementor-container elementor-column-gap-wider\">\n\t\t\t\t\t<div class=\"elementor-column elementor-col-50 elementor-top-column elementor-element elementor-element-85bd6b0\" data-id=\"85bd6b0\" data-element_type=\"column\">\n\t\t\t<div class=\"elementor-widget-wrap elementor-element-populated\">\n\t\t\t\t\t\t\t\t<div class=\"elementor-element elementor-element-05885eb elementor-widget elementor-widget-image\" data-id=\"05885eb\" data-element_type=\"widget\" data-widget_type=\"image.default\">\n\t\t\t\t<div class=\"elementor-widget-container\">\n\t\t\t\t\t\t\t\t\t\t\t\t\t\t\t<img width=\"1400\" height=\"1000\" src=\"https:\/\/diebessertester.de\/wp-content\/uploads\/2021\/11\/Terminbuchung.jpg\" class=\"attachment-full size-full wp-image-7901\" alt=\"\" loading=\"lazy\" srcset=\"https:\/\/diebessertester.de\/wp-content\/uploads\/2021\/11\/Terminbuchung.jpg 1400w, https:\/\/diebessertester.de\/wp-content\/uploads\/2021\/11\/Terminbuchung-300x214.jpg 300w, https:\/\/diebessertester.de\/wp-content\/uploads\/2021\/11\/Terminbuchung-1024x731.jpg 1024w, https:\/\/diebessertester.de\/wp-content\/uploads\/2021\/11\/Terminbuchung-768x549.jpg 768w\" sizes=\"(max-width: 1400px) 100vw, 1400px\" \/>\t\t\t\t\t\t\t\t\t\t\t\t\t\t\t<\/div>\n\t\t\t\t<\/div>\n\t\t\t\t<div class=\"elementor-element elementor-element-02aec90 elementor-widget elementor-widget-spacer\" data-id=\"02aec90\" data-element_type=\"widget\" data-widget_type=\"spacer.default\">\n\t\t\t\t<div class=\"elementor-widget-container\">\n\t\t\t\t\t<div class=\"elementor-spacer\">\n\t\t\t<div class=\"elementor-spacer-inner\"><\/div>\n\t\t<\/div>\n\t\t\t\t<\/div>\n\t\t\t\t<\/div>\n\t\t\t\t<div class=\"elementor-element elementor-element-f4e7519 elementor-widget elementor-widget-text-editor\" data-id=\"f4e7519\" data-element_type=\"widget\" data-widget_type=\"text-editor.default\">\n\t\t\t\t<div class=\"elementor-widget-container\">\n\t\t\t\t\t\t\t<p>NajlepsiTesterzy polega na nieskomplikowanych, skutecznych testach. Um\u00f3w si\u0119 na wizyt\u0119 tutaj i uniknij czasu oczekiwania. Z regu\u0142y na naszych stanowiskach testowych obs\u0142ugiwane s\u0105 dwie ulice testowe: z um\u00f3wionym spotkaniem i bez niego.<\/p>\n\t\t\t\t\t\t<\/div>\n\t\t\t\t<\/div>\n\t\t\t\t<div class=\"elementor-element elementor-element-f89c164 elementor-align-center elementor-widget-mobile__width-inherit elementor-widget elementor-widget-button\" data-id=\"f89c164\" data-element_type=\"widget\" data-widget_type=\"button.default\">\n\t\t\t\t<div class=\"elementor-widget-container\">\n\t\t\t\t\t<div class=\"elementor-button-wrapper\">\n\t\t\t<a class=\"elementor-button elementor-button-link elementor-size-md\" href=\"https:\/\/termin.diebessertester.de\/register\" target=\"_blank\">\n\t\t\t\t\t\t<span class=\"elementor-button-content-wrapper\">\n\t\t\t\t\t\t<span class=\"elementor-button-text\">Um\u00f3w si\u0119 na spotkanie teraz<\/span>\n\t\t<\/span>\n\t\t\t\t\t<\/a>\n\t\t<\/div>\n\t\t\t\t<\/div>\n\t\t\t\t<\/div>\n\t\t\t\t\t<\/div>\n\t\t<\/div>\n\t\t\t\t<div class=\"elementor-column elementor-col-50 elementor-top-column elementor-element elementor-element-835099b\" data-id=\"835099b\" data-element_type=\"column\">\n\t\t\t<div class=\"elementor-widget-wrap elementor-element-populated\">\n\t\t\t\t\t\t\t\t<div class=\"elementor-element elementor-element-1d33bf9 elementor-position-left elementor-view-default elementor-mobile-position-top elementor-vertical-align-top elementor-widget elementor-widget-icon-box\" data-id=\"1d33bf9\" data-element_type=\"widget\" data-widget_type=\"icon-box.default\">\n\t\t\t\t<div class=\"elementor-widget-container\">\n\t\t\t\t\t<div class=\"elementor-icon-box-wrapper\">\n\t\t\t\t\t\t<div class=\"elementor-icon-box-icon\">\n\t\t\t\t<a class=\"elementor-icon elementor-animation-\" href=\"https:\/\/diebessertester.de\/pl\/informacje\/\">\n\t\t\t\t<i aria-hidden=\"true\" class=\"fas fa-exclamation-triangle\"><\/i>\t\t\t\t<\/a>\n\t\t\t<\/div>\n\t\t\t\t\t\t<div class=\"elementor-icon-box-content\">\n\t\t\t\t<h3 class=\"elementor-icon-box-title\">\n\t\t\t\t\t<a href=\"https:\/\/diebessertester.de\/pl\/informacje\/\" >\n\t\t\t\t\t\tWa\u017cne\t\t\t\t\t<\/a>\n\t\t\t\t<\/h3>\n\t\t\t\t\t\t\t\t\t<p class=\"elementor-icon-box-description\">\n\t\t\t\t\t\tW zwi\u0105zku z regulacjami prawnymi od 30.06.2022 r. prosimy o wype\u0142nienie <b>formularza samoujawnienia<\/b> przed przyst\u0105pieniem do test\u00f3w.  \t\t\t\t\t<\/p>\n\t\t\t\t\t\t\t<\/div>\n\t\t<\/div>\n\t\t\t\t<\/div>\n\t\t\t\t<\/div>\n\t\t\t\t<div class=\"elementor-element elementor-element-a12c2a3 elementor-widget elementor-widget-spacer\" data-id=\"a12c2a3\" data-element_type=\"widget\" data-widget_type=\"spacer.default\">\n\t\t\t\t<div class=\"elementor-widget-container\">\n\t\t\t\t\t<div class=\"elementor-spacer\">\n\t\t\t<div class=\"elementor-spacer-inner\"><\/div>\n\t\t<\/div>\n\t\t\t\t<\/div>\n\t\t\t\t<\/div>\n\t\t\t\t<div class=\"elementor-element elementor-element-c15a213 elementor-position-left elementor-view-default elementor-mobile-position-top elementor-vertical-align-top elementor-widget elementor-widget-icon-box\" data-id=\"c15a213\" data-element_type=\"widget\" data-widget_type=\"icon-box.default\">\n\t\t\t\t<div class=\"elementor-widget-container\">\n\t\t\t\t\t<div class=\"elementor-icon-box-wrapper\">\n\t\t\t\t\t\t<div class=\"elementor-icon-box-icon\">\n\t\t\t\t<a class=\"elementor-icon elementor-animation-\" href=\"\/download\/Self-disclosure_KVBB.pdf\" target=\"_blank\">\n\t\t\t\t<i aria-hidden=\"true\" class=\"fas fa-file-pdf\"><\/i>\t\t\t\t<\/a>\n\t\t\t<\/div>\n\t\t\t\t\t\t<div class=\"elementor-icon-box-content\">\n\t\t\t\t<h3 class=\"elementor-icon-box-title\">\n\t\t\t\t\t<a href=\"\/download\/Self-disclosure_KVBB.pdf\" target=\"_blank\" >\n\t\t\t\t\t\tPobierz formularz samoujawnienia dla lokalizacji <b>Eberswalde<\/b>\t\t\t\t\t<\/a>\n\t\t\t\t<\/h3>\n\t\t\t\t\t\t\t<\/div>\n\t\t<\/div>\n\t\t\t\t<\/div>\n\t\t\t\t<\/div>\n\t\t\t\t<div class=\"elementor-element elementor-element-2815c95 elementor-widget-divider--view-line elementor-widget elementor-widget-divider\" data-id=\"2815c95\" data-element_type=\"widget\" data-widget_type=\"divider.default\">\n\t\t\t\t<div class=\"elementor-widget-container\">\n\t\t\t\t\t<div class=\"elementor-divider\">\n\t\t\t<span class=\"elementor-divider-separator\">\n\t\t\t\t\t\t<\/span>\n\t\t<\/div>\n\t\t\t\t<\/div>\n\t\t\t\t<\/div>\n\t\t\t\t<div class=\"elementor-element elementor-element-72d60fb elementor-position-left elementor-view-default elementor-mobile-position-top elementor-vertical-align-top elementor-widget elementor-widget-icon-box\" data-id=\"72d60fb\" data-element_type=\"widget\" data-widget_type=\"icon-box.default\">\n\t\t\t\t<div class=\"elementor-widget-container\">\n\t\t\t\t\t<div class=\"elementor-icon-box-wrapper\">\n\t\t\t\t\t\t<div class=\"elementor-icon-box-icon\">\n\t\t\t\t<a class=\"elementor-icon elementor-animation-\" href=\"\/download\/Self-disclosure_KVBB.pdf\" target=\"_blank\">\n\t\t\t\t<i aria-hidden=\"true\" class=\"fas fa-file-pdf\"><\/i>\t\t\t\t<\/a>\n\t\t\t<\/div>\n\t\t\t\t\t\t<div class=\"elementor-icon-box-content\">\n\t\t\t\t<h3 class=\"elementor-icon-box-title\">\n\t\t\t\t\t<a href=\"\/download\/Self-disclosure_KVBB.pdf\" target=\"_blank\" >\n\t\t\t\t\t\tPobierz formularz samoujawnienia dla lokalizacji <b>Prenzlau<\/b>\t\t\t\t\t<\/a>\n\t\t\t\t<\/h3>\n\t\t\t\t\t\t\t<\/div>\n\t\t<\/div>\n\t\t\t\t<\/div>\n\t\t\t\t<\/div>\n\t\t\t\t<div class=\"elementor-element elementor-element-204e83d elementor-widget-divider--view-line elementor-widget elementor-widget-divider\" data-id=\"204e83d\" data-element_type=\"widget\" data-widget_type=\"divider.default\">\n\t\t\t\t<div class=\"elementor-widget-container\">\n\t\t\t\t\t<div class=\"elementor-divider\">\n\t\t\t<span class=\"elementor-divider-separator\">\n\t\t\t\t\t\t<\/span>\n\t\t<\/div>\n\t\t\t\t<\/div>\n\t\t\t\t<\/div>\n\t\t\t\t<div class=\"elementor-element elementor-element-a60df35 elementor-position-left elementor-view-default elementor-mobile-position-top elementor-vertical-align-top elementor-widget elementor-widget-icon-box\" data-id=\"a60df35\" data-element_type=\"widget\" data-widget_type=\"icon-box.default\">\n\t\t\t\t<div class=\"elementor-widget-container\">\n\t\t\t\t\t<div class=\"elementor-icon-box-wrapper\">\n\t\t\t\t\t\t<div class=\"elementor-icon-box-icon\">\n\t\t\t\t<a class=\"elementor-icon elementor-animation-\" href=\"\/download\/Self_disclosure_KVT.pdf\" target=\"_blank\">\n\t\t\t\t<i aria-hidden=\"true\" class=\"fas fa-file-pdf\"><\/i>\t\t\t\t<\/a>\n\t\t\t<\/div>\n\t\t\t\t\t\t<div class=\"elementor-icon-box-content\">\n\t\t\t\t<h3 class=\"elementor-icon-box-title\">\n\t\t\t\t\t<a href=\"\/download\/Self_disclosure_KVT.pdf\" target=\"_blank\" >\n\t\t\t\t\t\tPobierz formularz samoujawnienia dla strony <b>Eisfeld<\/b>\t\t\t\t\t<\/a>\n\t\t\t\t<\/h3>\n\t\t\t\t\t\t\t<\/div>\n\t\t<\/div>\n\t\t\t\t<\/div>\n\t\t\t\t<\/div>\n\t\t\t\t<div class=\"elementor-element elementor-element-c83164e elementor-widget elementor-widget-spacer\" data-id=\"c83164e\" data-element_type=\"widget\" data-widget_type=\"spacer.default\">\n\t\t\t\t<div class=\"elementor-widget-container\">\n\t\t\t\t\t<div class=\"elementor-spacer\">\n\t\t\t<div class=\"elementor-spacer-inner\"><\/div>\n\t\t<\/div>\n\t\t\t\t<\/div>\n\t\t\t\t<\/div>\n\t\t\t\t<div class=\"elementor-element elementor-element-8b4fa11 elementor-widget elementor-widget-text-editor\" data-id=\"8b4fa11\" data-element_type=\"widget\" data-widget_type=\"text-editor.default\">\n\t\t\t\t<div class=\"elementor-widget-container\">\n\t\t\t\t\t\t\t<p>W interesie szybkich test\u00f3w i kr\u00f3tkiego czasu oczekiwania, prosimy wszystkich klient\u00f3w o<\/p>\n<ol>\n<li><strong>Dow\u00f3d osobisty<\/strong><\/li>\n<li><strong>Podpisany formularz samoujawnienia<br \/><\/strong><\/li>\n<li>dla nieletnich: O\u015bwiadczenie o wyra\u017ceniu zgody (patrz plik do pobrania)<\/li>\n<li><strong>odpowiednia kwota<\/strong><\/li>\n<\/ol>\n<p>by mie\u0107 gotowe.<\/p>\n<p>Tylko w ten spos\u00f3b mo\u017cemy nadal by\u0107 dla ludzi w regionie, pomimo zmniejszonego wynagrodzenia. Nie stworzyli\u015bmy tej formy, ale jeste\u015bmy de facto zmuszeni do jej stosowania. Proponowane przez nas poprawki nie zosta\u0142y uwzgl\u0119dnione.<\/p>\n<p>Dzi\u0119kuj\u0119 za zrozumienie i przyjazne podej\u015bcie do ludzi, kt\u00f3rzy s\u0105 dla Was na miejscu.<\/p>\n\t\t\t\t\t\t<\/div>\n\t\t\t\t<\/div>\n\t\t\t\t\t<\/div>\n\t\t<\/div>\n\t\t\t\t\t\t\t<\/div>\n\t\t<\/section>\n\t\t\t\t<section class=\"elementor-section elementor-top-section elementor-element elementor-element-faca3fc elementor-section-boxed elementor-section-height-default elementor-section-height-default\" data-id=\"faca3fc\" data-element_type=\"section\">\n\t\t\t\t\t\t<div class=\"elementor-container elementor-column-gap-default\">\n\t\t\t\t\t<div class=\"elementor-column elementor-col-100 elementor-top-column elementor-element elementor-element-1f86b4d\" data-id=\"1f86b4d\" data-element_type=\"column\">\n\t\t\t<div class=\"elementor-widget-wrap elementor-element-populated\">\n\t\t\t\t\t\t\t\t<div class=\"elementor-element elementor-element-8d50afe elementor-widget elementor-widget-image\" data-id=\"8d50afe\" data-element_type=\"widget\" data-widget_type=\"image.default\">\n\t\t\t\t<div class=\"elementor-widget-container\">\n\t\t\t\t\t\t\t\t\t\t\t\t\t\t\t\t<a href=\"https:\/\/diebessertester.de\/wp-content\/uploads\/2022\/11\/Grafische-Uebersicht-TestV.jpg\" data-elementor-open-lightbox=\"yes\" data-elementor-lightbox-title=\"Grafische-Uebersicht-TestV\" data-e-action-hash=\"#elementor-action%3Aaction%3Dlightbox%26settings%3DeyJpZCI6MTU4ODYsInVybCI6Imh0dHBzOlwvXC9kaWViZXNzZXJ0ZXN0ZXIuZGVcL3dwLWNvbnRlbnRcL3VwbG9hZHNcLzIwMjJcLzExXC9HcmFmaXNjaGUtVWViZXJzaWNodC1UZXN0Vi5qcGcifQ%3D%3D\">\n\t\t\t\t\t\t\t<img width=\"1920\" height=\"1329\" src=\"https:\/\/diebessertester.de\/wp-content\/uploads\/2022\/11\/Grafische-Uebersicht-TestV.jpg\" class=\"attachment-full size-full wp-image-15886\" alt=\"Grafische \u00dcbersicht TestV\" loading=\"lazy\" srcset=\"https:\/\/diebessertester.de\/wp-content\/uploads\/2022\/11\/Grafische-Uebersicht-TestV.jpg 1920w, https:\/\/diebessertester.de\/wp-content\/uploads\/2022\/11\/Grafische-Uebersicht-TestV-300x208.jpg 300w, https:\/\/diebessertester.de\/wp-content\/uploads\/2022\/11\/Grafische-Uebersicht-TestV-1024x709.jpg 1024w, https:\/\/diebessertester.de\/wp-content\/uploads\/2022\/11\/Grafische-Uebersicht-TestV-768x532.jpg 768w, https:\/\/diebessertester.de\/wp-content\/uploads\/2022\/11\/Grafische-Uebersicht-TestV-1536x1063.jpg 1536w\" sizes=\"(max-width: 1920px) 100vw, 1920px\" \/>\t\t\t\t\t\t\t\t<\/a>\n\t\t\t\t\t\t\t\t\t\t\t\t\t\t\t<\/div>\n\t\t\t\t<\/div>\n\t\t\t\t<div class=\"elementor-element elementor-element-f284baf elementor-position-left elementor-widget__width-auto elementor-view-default elementor-mobile-position-top elementor-vertical-align-top elementor-widget elementor-widget-icon-box\" data-id=\"f284baf\" data-element_type=\"widget\" data-widget_type=\"icon-box.default\">\n\t\t\t\t<div class=\"elementor-widget-container\">\n\t\t\t\t\t<div class=\"elementor-icon-box-wrapper\">\n\t\t\t\t\t\t<div class=\"elementor-icon-box-icon\">\n\t\t\t\t<a class=\"elementor-icon elementor-animation-\" href=\"\/download\/Graphical-Overview-TestV.pdf\" target=\"_blank\">\n\t\t\t\t<i aria-hidden=\"true\" class=\"fas fa-file-pdf\"><\/i>\t\t\t\t<\/a>\n\t\t\t<\/div>\n\t\t\t\t\t\t<div class=\"elementor-icon-box-content\">\n\t\t\t\t<h3 class=\"elementor-icon-box-title\">\n\t\t\t\t\t<a href=\"\/download\/Graphical-Overview-TestV.pdf\" target=\"_blank\" >\n\t\t\t\t\t\tPobierz jako PDF\t\t\t\t\t<\/a>\n\t\t\t\t<\/h3>\n\t\t\t\t\t\t\t<\/div>\n\t\t<\/div>\n\t\t\t\t<\/div>\n\t\t\t\t<\/div>\n\t\t\t\t\t<\/div>\n\t\t<\/div>\n\t\t\t\t\t\t\t<\/div>\n\t\t<\/section>\n\t\t\t\t\t\t\t<\/div>\n\t\t","protected":false},"excerpt":{"rendered":"<p>Rezerwacja terminu NajlepsiTesterzy polega na nieskomplikowanych, skutecznych testach. Um\u00f3w si\u0119 na wizyt\u0119 tutaj i uniknij czasu oczekiwania. Z regu\u0142y na naszych stanowiskach testowych obs\u0142ugiwane s\u0105 dwie ulice testowe: z um\u00f3wionym spotkaniem i bez niego. Um\u00f3w si\u0119 na spotkanie teraz Wa\u017cne W zwi\u0105zku z regulacjami prawnymi od 30.06.2022 r. prosimy o wype\u0142nienie formularza samoujawnienia przed przyst\u0105pieniem&hellip;<\/p>\n","protected":false},"author":6,"featured_media":0,"parent":0,"menu_order":50,"comment_status":"closed","ping_status":"closed","template":"elementor_header_footer","meta":[],"yoast_head":"<!-- This site is optimized with the Yoast SEO plugin v20.6 - https:\/\/yoast.com\/wordpress\/plugins\/seo\/ -->\n<title>Rezerwacja terminu | Die Bessertester<\/title>\n<meta name=\"robots\" content=\"index, follow, max-snippet:-1, max-image-preview:large, max-video-preview:-1\" \/>\n<link rel=\"canonical\" href=\"https:\/\/diebessertester.de\/pl\/rezerwacja-wizyt\/\" \/>\n<meta property=\"og:locale\" content=\"pl_PL\" \/>\n<meta property=\"og:type\" content=\"article\" \/>\n<meta property=\"og:title\" content=\"Rezerwacja terminu | Die Bessertester\" \/>\n<meta property=\"og:description\" content=\"Rezerwacja terminu NajlepsiTesterzy polega na nieskomplikowanych, skutecznych testach. Um\u00f3w si\u0119 na wizyt\u0119 tutaj i uniknij czasu oczekiwania. Z regu\u0142y na naszych stanowiskach testowych obs\u0142ugiwane s\u0105 dwie ulice testowe: z um\u00f3wionym spotkaniem i bez niego. Um\u00f3w si\u0119 na spotkanie teraz Wa\u017cne W zwi\u0105zku z regulacjami prawnymi od 30.06.2022 r. prosimy o wype\u0142nienie formularza samoujawnienia przed przyst\u0105pieniem&hellip;\" \/>\n<meta property=\"og:url\" content=\"https:\/\/diebessertester.de\/pl\/rezerwacja-wizyt\/\" \/>\n<meta property=\"og:site_name\" content=\"Die Bessertester\" \/>\n<meta property=\"article:publisher\" content=\"https:\/\/www.facebook.com\/diebessertester\" \/>\n<meta property=\"article:modified_time\" content=\"2022-11-28T13:42:11+00:00\" \/>\n<meta property=\"og:image\" content=\"https:\/\/diebessertester.de\/wp-content\/uploads\/2021\/11\/Terminbuchung.jpg\" \/>\n<meta name=\"twitter:card\" content=\"summary_large_image\" \/>\n<meta name=\"twitter:site\" content=\"@bessertester\" \/>\n<meta name=\"twitter:label1\" content=\"Szacowany czas czytania\" \/>\n\t<meta name=\"twitter:data1\" content=\"1 minuta\" \/>\n<script type=\"application\/ld+json\" class=\"yoast-schema-graph\">{\"@context\":\"https:\/\/schema.org\",\"@graph\":[{\"@type\":\"WebPage\",\"@id\":\"https:\/\/diebessertester.de\/pl\/rezerwacja-wizyt\/\",\"url\":\"https:\/\/diebessertester.de\/pl\/rezerwacja-wizyt\/\",\"name\":\"Rezerwacja terminu | Die Bessertester\",\"isPartOf\":{\"@id\":\"https:\/\/diebessertester.de\/pl\/#website\"},\"datePublished\":\"2021-11-26T10:32:33+00:00\",\"dateModified\":\"2022-11-28T13:42:11+00:00\",\"breadcrumb\":{\"@id\":\"https:\/\/diebessertester.de\/pl\/rezerwacja-wizyt\/#breadcrumb\"},\"inLanguage\":\"pl-PL\",\"potentialAction\":[{\"@type\":\"ReadAction\",\"target\":[\"https:\/\/diebessertester.de\/pl\/rezerwacja-wizyt\/\"]}]},{\"@type\":\"BreadcrumbList\",\"@id\":\"https:\/\/diebessertester.de\/pl\/rezerwacja-wizyt\/#breadcrumb\",\"itemListElement\":[{\"@type\":\"ListItem\",\"position\":1,\"name\":\"Startseite\",\"item\":\"https:\/\/diebessertester.de\/pl\/strona-glowna\/\"},{\"@type\":\"ListItem\",\"position\":2,\"name\":\"Rezerwacja terminu\"}]},{\"@type\":\"WebSite\",\"@id\":\"https:\/\/diebessertester.de\/pl\/#website\",\"url\":\"https:\/\/diebessertester.de\/pl\/\",\"name\":\"Die Bessertester\",\"description\":\"informieren \u2013 testen \u2013 leben\",\"publisher\":{\"@id\":\"https:\/\/diebessertester.de\/pl\/#organization\"},\"potentialAction\":[{\"@type\":\"SearchAction\",\"target\":{\"@type\":\"EntryPoint\",\"urlTemplate\":\"https:\/\/diebessertester.de\/pl\/?s={search_term_string}\"},\"query-input\":\"required name=search_term_string\"}],\"inLanguage\":\"pl-PL\"},{\"@type\":\"Organization\",\"@id\":\"https:\/\/diebessertester.de\/pl\/#organization\",\"name\":\"Die BesserTester\",\"url\":\"https:\/\/diebessertester.de\/pl\/\",\"logo\":{\"@type\":\"ImageObject\",\"inLanguage\":\"pl-PL\",\"@id\":\"https:\/\/diebessertester.de\/pl\/#\/schema\/logo\/image\/\",\"url\":\"https:\/\/diebessertester.de\/wp-content\/uploads\/2021\/12\/Die-BesserTester_Logo_L.png\",\"contentUrl\":\"https:\/\/diebessertester.de\/wp-content\/uploads\/2021\/12\/Die-BesserTester_Logo_L.png\",\"width\":360,\"height\":60,\"caption\":\"Die BesserTester\"},\"image\":{\"@id\":\"https:\/\/diebessertester.de\/pl\/#\/schema\/logo\/image\/\"},\"sameAs\":[\"https:\/\/www.facebook.com\/diebessertester\",\"https:\/\/twitter.com\/bessertester\",\"https:\/\/www.instagram.com\/diebessertester\/\"]}]}<\/script>\n<!-- \/ Yoast SEO plugin. -->","yoast_head_json":{"title":"Rezerwacja terminu | Die Bessertester","robots":{"index":"index","follow":"follow","max-snippet":"max-snippet:-1","max-image-preview":"max-image-preview:large","max-video-preview":"max-video-preview:-1"},"canonical":"https:\/\/diebessertester.de\/pl\/rezerwacja-wizyt\/","og_locale":"pl_PL","og_type":"article","og_title":"Rezerwacja terminu | Die Bessertester","og_description":"Rezerwacja terminu NajlepsiTesterzy polega na nieskomplikowanych, skutecznych testach. Um\u00f3w si\u0119 na wizyt\u0119 tutaj i uniknij czasu oczekiwania. Z regu\u0142y na naszych stanowiskach testowych obs\u0142ugiwane s\u0105 dwie ulice testowe: z um\u00f3wionym spotkaniem i bez niego. Um\u00f3w si\u0119 na spotkanie teraz Wa\u017cne W zwi\u0105zku z regulacjami prawnymi od 30.06.2022 r. prosimy o wype\u0142nienie formularza samoujawnienia przed przyst\u0105pieniem&hellip;","og_url":"https:\/\/diebessertester.de\/pl\/rezerwacja-wizyt\/","og_site_name":"Die Bessertester","article_publisher":"https:\/\/www.facebook.com\/diebessertester","article_modified_time":"2022-11-28T13:42:11+00:00","og_image":[{"url":"https:\/\/diebessertester.de\/wp-content\/uploads\/2021\/11\/Terminbuchung.jpg"}],"twitter_card":"summary_large_image","twitter_site":"@bessertester","twitter_misc":{"Szacowany czas czytania":"1 minuta"},"schema":{"@context":"https:\/\/schema.org","@graph":[{"@type":"WebPage","@id":"https:\/\/diebessertester.de\/pl\/rezerwacja-wizyt\/","url":"https:\/\/diebessertester.de\/pl\/rezerwacja-wizyt\/","name":"Rezerwacja terminu | Die Bessertester","isPartOf":{"@id":"https:\/\/diebessertester.de\/pl\/#website"},"datePublished":"2021-11-26T10:32:33+00:00","dateModified":"2022-11-28T13:42:11+00:00","breadcrumb":{"@id":"https:\/\/diebessertester.de\/pl\/rezerwacja-wizyt\/#breadcrumb"},"inLanguage":"pl-PL","potentialAction":[{"@type":"ReadAction","target":["https:\/\/diebessertester.de\/pl\/rezerwacja-wizyt\/"]}]},{"@type":"BreadcrumbList","@id":"https:\/\/diebessertester.de\/pl\/rezerwacja-wizyt\/#breadcrumb","itemListElement":[{"@type":"ListItem","position":1,"name":"Startseite","item":"https:\/\/diebessertester.de\/pl\/strona-glowna\/"},{"@type":"ListItem","position":2,"name":"Rezerwacja terminu"}]},{"@type":"WebSite","@id":"https:\/\/diebessertester.de\/pl\/#website","url":"https:\/\/diebessertester.de\/pl\/","name":"Die Bessertester","description":"informieren \u2013 testen \u2013 leben","publisher":{"@id":"https:\/\/diebessertester.de\/pl\/#organization"},"potentialAction":[{"@type":"SearchAction","target":{"@type":"EntryPoint","urlTemplate":"https:\/\/diebessertester.de\/pl\/?s={search_term_string}"},"query-input":"required name=search_term_string"}],"inLanguage":"pl-PL"},{"@type":"Organization","@id":"https:\/\/diebessertester.de\/pl\/#organization","name":"Die BesserTester","url":"https:\/\/diebessertester.de\/pl\/","logo":{"@type":"ImageObject","inLanguage":"pl-PL","@id":"https:\/\/diebessertester.de\/pl\/#\/schema\/logo\/image\/","url":"https:\/\/diebessertester.de\/wp-content\/uploads\/2021\/12\/Die-BesserTester_Logo_L.png","contentUrl":"https:\/\/diebessertester.de\/wp-content\/uploads\/2021\/12\/Die-BesserTester_Logo_L.png","width":360,"height":60,"caption":"Die BesserTester"},"image":{"@id":"https:\/\/diebessertester.de\/pl\/#\/schema\/logo\/image\/"},"sameAs":["https:\/\/www.facebook.com\/diebessertester","https:\/\/twitter.com\/bessertester","https:\/\/www.instagram.com\/diebessertester\/"]}]}},"publishpress_future_action":{"enabled":false,"date":"1970-01-01 01:00:00","action":"","terms":[],"taxonomy":"","browser_timezone_offset":0},"_links":{"self":[{"href":"https:\/\/diebessertester.de\/pl\/wp-json\/wp\/v2\/pages\/7936"}],"collection":[{"href":"https:\/\/diebessertester.de\/pl\/wp-json\/wp\/v2\/pages"}],"about":[{"href":"https:\/\/diebessertester.de\/pl\/wp-json\/wp\/v2\/types\/page"}],"author":[{"embeddable":true,"href":"https:\/\/diebessertester.de\/pl\/wp-json\/wp\/v2\/users\/6"}],"replies":[{"embeddable":true,"href":"https:\/\/diebessertester.de\/pl\/wp-json\/wp\/v2\/comments?post=7936"}],"version-history":[{"count":0,"href":"https:\/\/diebessertester.de\/pl\/wp-json\/wp\/v2\/pages\/7936\/revisions"}],"wp:attachment":[{"href":"https:\/\/diebessertester.de\/pl\/wp-json\/wp\/v2\/media?parent=7936"}],"curies":[{"name":"wp","href":"https:\/\/api.w.org\/{rel}","templated":true}]}}