{"id":7964,"date":"2021-11-26T11:33:12","date_gmt":"2021-11-26T10:33:12","guid":{"rendered":"https:\/\/diebessertester.de\/rejestracja\/"},"modified":"2022-03-02T21:14:18","modified_gmt":"2022-03-02T20:14:18","slug":"rejestracja","status":"publish","type":"page","link":"https:\/\/diebessertester.de\/pl\/rejestracja\/","title":{"rendered":"Rejestracja"},"content":{"rendered":"\t\t<div data-elementor-type=\"wp-page\" data-elementor-id=\"7964\" class=\"elementor elementor-7964\" data-elementor-post-type=\"page\">\n\t\t\t\t\t\t\t\t\t<section class=\"elementor-section elementor-top-section elementor-element elementor-element-60ccef7b elementor-section-boxed elementor-section-height-default elementor-section-height-default\" data-id=\"60ccef7b\" data-element_type=\"section\" data-settings=\"{&quot;background_background&quot;:&quot;classic&quot;,&quot;shape_divider_bottom&quot;:&quot;mountains&quot;}\">\n\t\t\t\t\t<div class=\"elementor-shape elementor-shape-bottom\" data-negative=\"false\">\n\t\t\t<svg xmlns=\"http:\/\/www.w3.org\/2000\/svg\" viewBox=\"0 0 1000 100\" preserveAspectRatio=\"none\">\n\t<path class=\"elementor-shape-fill\" opacity=\"0.33\" d=\"M473,67.3c-203.9,88.3-263.1-34-320.3,0C66,119.1,0,59.7,0,59.7V0h1000v59.7 c0,0-62.1,26.1-94.9,29.3c-32.8,3.3-62.8-12.3-75.8-22.1C806,49.6,745.3,8.7,694.9,4.7S492.4,59,473,67.3z\"\/>\n\t<path class=\"elementor-shape-fill\" opacity=\"0.66\" d=\"M734,67.3c-45.5,0-77.2-23.2-129.1-39.1c-28.6-8.7-150.3-10.1-254,39.1 s-91.7-34.4-149.2,0C115.7,118.3,0,39.8,0,39.8V0h1000v36.5c0,0-28.2-18.5-92.1-18.5C810.2,18.1,775.7,67.3,734,67.3z\"\/>\n\t<path class=\"elementor-shape-fill\" d=\"M766.1,28.9c-200-57.5-266,65.5-395.1,19.5C242,1.8,242,5.4,184.8,20.6C128,35.8,132.3,44.9,89.9,52.5C28.6,63.7,0,0,0,0 h1000c0,0-9.9,40.9-83.6,48.1S829.6,47,766.1,28.9z\"\/>\n<\/svg>\t\t<\/div>\n\t\t\t\t\t<div class=\"elementor-container elementor-column-gap-wider\">\n\t\t\t\t\t<div class=\"elementor-column elementor-col-100 elementor-top-column elementor-element elementor-element-c8c9b45\" data-id=\"c8c9b45\" data-element_type=\"column\">\n\t\t\t<div class=\"elementor-widget-wrap elementor-element-populated\">\n\t\t\t\t\t\t\t\t<div class=\"elementor-element elementor-element-1b38ef10 elementor-widget elementor-widget-heading\" data-id=\"1b38ef10\" data-element_type=\"widget\" data-widget_type=\"heading.default\">\n\t\t\t\t<div class=\"elementor-widget-container\">\n\t\t\t<h2 class=\"elementor-heading-title elementor-size-default\">Rejestracja<\/h2>\t\t<\/div>\n\t\t\t\t<\/div>\n\t\t\t\t<div class=\"elementor-element elementor-element-ffcba03 elementor-widget-divider--view-line elementor-widget elementor-widget-global elementor-global-4642 elementor-widget-divider\" data-id=\"ffcba03\" data-element_type=\"widget\" data-widget_type=\"divider.default\">\n\t\t\t\t<div class=\"elementor-widget-container\">\n\t\t\t\t\t<div class=\"elementor-divider\">\n\t\t\t<span class=\"elementor-divider-separator\">\n\t\t\t\t\t\t<\/span>\n\t\t<\/div>\n\t\t\t\t<\/div>\n\t\t\t\t<\/div>\n\t\t\t\t\t<\/div>\n\t\t<\/div>\n\t\t\t\t\t\t\t<\/div>\n\t\t<\/section>\n\t\t\t\t<section class=\"elementor-section elementor-top-section elementor-element elementor-element-9e4373e elementor-section-content-middle elementor-section-boxed elementor-section-height-default elementor-section-height-default\" data-id=\"9e4373e\" data-element_type=\"section\" data-settings=\"{&quot;background_background&quot;:&quot;classic&quot;}\">\n\t\t\t\t\t\t<div class=\"elementor-container elementor-column-gap-wider\">\n\t\t\t\t\t<div class=\"elementor-column elementor-col-50 elementor-top-column elementor-element elementor-element-835099b\" data-id=\"835099b\" data-element_type=\"column\">\n\t\t\t<div class=\"elementor-widget-wrap elementor-element-populated\">\n\t\t\t\t\t\t\t\t<div class=\"elementor-element elementor-element-e277a99 elementor-widget elementor-widget-text-editor\" data-id=\"e277a99\" data-element_type=\"widget\" data-widget_type=\"text-editor.default\">\n\t\t\t\t<div class=\"elementor-widget-container\">\n\t\t\t\t\t\t\t<p>DieBesserTester s\u0105 cyfrowe i nadal dost\u0119pne na miejscu:<\/p>\t\t\t\t\t\t<\/div>\n\t\t\t\t<\/div>\n\t\t\t\t<div class=\"elementor-element elementor-element-fad1664 elementor-align-center elementor-widget-mobile__width-inherit elementor-widget elementor-widget-button\" data-id=\"fad1664\" data-element_type=\"widget\" data-widget_type=\"button.default\">\n\t\t\t\t<div class=\"elementor-widget-container\">\n\t\t\t\t\t<div class=\"elementor-button-wrapper\">\n\t\t\t<a class=\"elementor-button elementor-button-link elementor-size-md\" href=\"https:\/\/termin.diebessertester.de\/register\" target=\"_blank\">\n\t\t\t\t\t\t<span class=\"elementor-button-content-wrapper\">\n\t\t\t\t\t\t<span class=\"elementor-button-text\">Utw\u00f3rz kod QR<\/span>\n\t\t<\/span>\n\t\t\t\t\t<\/a>\n\t\t<\/div>\n\t\t\t\t<\/div>\n\t\t\t\t<\/div>\n\t\t\t\t<div class=\"elementor-element elementor-element-289652c elementor-widget elementor-widget-text-editor\" data-id=\"289652c\" data-element_type=\"widget\" data-widget_type=\"text-editor.default\">\n\t\t\t\t<div class=\"elementor-widget-container\">\n\t\t\t\t\t\t\t<p>Po prostu utw\u00f3rz kod QR przed pierwsz\u0105 wizyt\u0105. Kod QR mo\u017cna zapisa\u0107 i sprawia, \u017ce kolejna wizyta jest jeszcze \u0142atwiejsza &#8211; nawet bez um\u00f3wionego spotkania.<\/p><div> <\/div>\t\t\t\t\t\t<\/div>\n\t\t\t\t<\/div>\n\t\t\t\t<div class=\"elementor-element elementor-element-c2e8902 elementor-widget elementor-widget-text-editor\" data-id=\"c2e8902\" data-element_type=\"widget\" data-widget_type=\"text-editor.default\">\n\t\t\t\t<div class=\"elementor-widget-container\">\n\t\t\t\t\t\t\t<p>DieBesserTester wesprze Ci\u0119 w rejestracji:<\/p>\t\t\t\t\t\t<\/div>\n\t\t\t\t<\/div>\n\t\t\t\t<div class=\"elementor-element elementor-element-00e6b27 elementor-align-center elementor-widget-mobile__width-inherit elementor-widget elementor-widget-button\" data-id=\"00e6b27\" data-element_type=\"widget\" data-widget_type=\"button.default\">\n\t\t\t\t<div class=\"elementor-widget-container\">\n\t\t\t\t\t<div class=\"elementor-button-wrapper\">\n\t\t\t<a class=\"elementor-button elementor-button-link elementor-size-md\" href=\"https:\/\/termin.diebessertester.de\/register\" target=\"_blank\">\n\t\t\t\t\t\t<span class=\"elementor-button-content-wrapper\">\n\t\t\t\t\t\t<span class=\"elementor-button-text\">um\u00f3wi\u0107 si\u0119 na wizyt\u0119<\/span>\n\t\t<\/span>\n\t\t\t\t\t<\/a>\n\t\t<\/div>\n\t\t\t\t<\/div>\n\t\t\t\t<\/div>\n\t\t\t\t<div class=\"elementor-element elementor-element-5144df2 elementor-widget elementor-widget-text-editor\" data-id=\"5144df2\" data-element_type=\"widget\" data-widget_type=\"text-editor.default\">\n\t\t\t\t<div class=\"elementor-widget-container\">\n\t\t\t\t\t\t\t<p>\u0141atwo te\u017c um\u00f3wi\u0107 si\u0119 na spotkanie bezpo\u015brednio podczas rejestracji. Zapisz kod QR i poka\u017c go w lokalizacji testowej.<\/p>\t\t\t\t\t\t<\/div>\n\t\t\t\t<\/div>\n\t\t\t\t<div class=\"elementor-element elementor-element-38c8bdd elementor-widget elementor-widget-spacer\" data-id=\"38c8bdd\" data-element_type=\"widget\" data-widget_type=\"spacer.default\">\n\t\t\t\t<div class=\"elementor-widget-container\">\n\t\t\t\t\t<div class=\"elementor-spacer\">\n\t\t\t<div class=\"elementor-spacer-inner\"><\/div>\n\t\t<\/div>\n\t\t\t\t<\/div>\n\t\t\t\t<\/div>\n\t\t\t\t\t<\/div>\n\t\t<\/div>\n\t\t\t\t<div class=\"elementor-column elementor-col-50 elementor-top-column elementor-element elementor-element-7ed2dd4\" data-id=\"7ed2dd4\" data-element_type=\"column\">\n\t\t\t<div class=\"elementor-widget-wrap elementor-element-populated\">\n\t\t\t\t\t\t\t\t<div class=\"elementor-element elementor-element-43ba700 elementor-widget elementor-widget-image\" data-id=\"43ba700\" data-element_type=\"widget\" data-widget_type=\"image.default\">\n\t\t\t\t<div class=\"elementor-widget-container\">\n\t\t\t\t\t\t\t\t\t\t\t\t\t\t\t<img width=\"1920\" height=\"1080\" src=\"https:\/\/diebessertester.de\/wp-content\/uploads\/2021\/11\/Header_03.jpg\" class=\"attachment-full size-full wp-image-7883\" alt=\"\" loading=\"lazy\" srcset=\"https:\/\/diebessertester.de\/wp-content\/uploads\/2021\/11\/Header_03.jpg 1920w, https:\/\/diebessertester.de\/wp-content\/uploads\/2021\/11\/Header_03-300x169.jpg 300w, https:\/\/diebessertester.de\/wp-content\/uploads\/2021\/11\/Header_03-1024x576.jpg 1024w, https:\/\/diebessertester.de\/wp-content\/uploads\/2021\/11\/Header_03-768x432.jpg 768w, https:\/\/diebessertester.de\/wp-content\/uploads\/2021\/11\/Header_03-1536x864.jpg 1536w\" sizes=\"(max-width: 1920px) 100vw, 1920px\" \/>\t\t\t\t\t\t\t\t\t\t\t\t\t\t\t<\/div>\n\t\t\t\t<\/div>\n\t\t\t\t\t<\/div>\n\t\t<\/div>\n\t\t\t\t\t\t\t<\/div>\n\t\t<\/section>\n\t\t\t\t\t\t\t<\/div>\n\t\t","protected":false},"excerpt":{"rendered":"<p>Rejestracja DieBesserTester s\u0105 cyfrowe i nadal dost\u0119pne na miejscu: Utw\u00f3rz kod QR Po prostu utw\u00f3rz kod QR przed pierwsz\u0105 wizyt\u0105. Kod QR mo\u017cna zapisa\u0107 i sprawia, \u017ce kolejna wizyta jest jeszcze \u0142atwiejsza &#8211; nawet bez um\u00f3wionego spotkania. DieBesserTester wesprze Ci\u0119 w rejestracji: um\u00f3wi\u0107 si\u0119 na wizyt\u0119 \u0141atwo te\u017c um\u00f3wi\u0107 si\u0119 na spotkanie bezpo\u015brednio podczas rejestracji.&hellip;<\/p>\n","protected":false},"author":6,"featured_media":0,"parent":0,"menu_order":30,"comment_status":"closed","ping_status":"closed","template":"elementor_header_footer","meta":[],"yoast_head":"<!-- This site is optimized with the Yoast SEO plugin v20.6 - https:\/\/yoast.com\/wordpress\/plugins\/seo\/ -->\n<title>Rejestracja | Die Bessertester<\/title>\n<meta name=\"robots\" content=\"index, follow, max-snippet:-1, max-image-preview:large, max-video-preview:-1\" \/>\n<link rel=\"canonical\" href=\"https:\/\/diebessertester.de\/pl\/rejestracja\/\" \/>\n<meta property=\"og:locale\" content=\"pl_PL\" \/>\n<meta property=\"og:type\" content=\"article\" \/>\n<meta property=\"og:title\" content=\"Rejestracja | Die Bessertester\" \/>\n<meta property=\"og:description\" content=\"Rejestracja DieBesserTester s\u0105 cyfrowe i nadal dost\u0119pne na miejscu: Utw\u00f3rz kod QR Po prostu utw\u00f3rz kod QR przed pierwsz\u0105 wizyt\u0105. Kod QR mo\u017cna zapisa\u0107 i sprawia, \u017ce kolejna wizyta jest jeszcze \u0142atwiejsza &#8211; nawet bez um\u00f3wionego spotkania. DieBesserTester wesprze Ci\u0119 w rejestracji: um\u00f3wi\u0107 si\u0119 na wizyt\u0119 \u0141atwo te\u017c um\u00f3wi\u0107 si\u0119 na spotkanie bezpo\u015brednio podczas rejestracji.&hellip;\" \/>\n<meta property=\"og:url\" content=\"https:\/\/diebessertester.de\/pl\/rejestracja\/\" \/>\n<meta property=\"og:site_name\" content=\"Die Bessertester\" \/>\n<meta property=\"article:publisher\" content=\"https:\/\/www.facebook.com\/diebessertester\" \/>\n<meta property=\"article:modified_time\" content=\"2022-03-02T20:14:18+00:00\" \/>\n<meta property=\"og:image\" content=\"https:\/\/diebessertester.de\/wp-content\/uploads\/2021\/11\/Header_03.jpg\" \/>\n<meta name=\"twitter:card\" content=\"summary_large_image\" \/>\n<meta name=\"twitter:site\" content=\"@bessertester\" \/>\n<script type=\"application\/ld+json\" class=\"yoast-schema-graph\">{\"@context\":\"https:\/\/schema.org\",\"@graph\":[{\"@type\":\"WebPage\",\"@id\":\"https:\/\/diebessertester.de\/pl\/rejestracja\/\",\"url\":\"https:\/\/diebessertester.de\/pl\/rejestracja\/\",\"name\":\"Rejestracja | Die Bessertester\",\"isPartOf\":{\"@id\":\"https:\/\/diebessertester.de\/pl\/#website\"},\"datePublished\":\"2021-11-26T10:33:12+00:00\",\"dateModified\":\"2022-03-02T20:14:18+00:00\",\"breadcrumb\":{\"@id\":\"https:\/\/diebessertester.de\/pl\/rejestracja\/#breadcrumb\"},\"inLanguage\":\"pl-PL\",\"potentialAction\":[{\"@type\":\"ReadAction\",\"target\":[\"https:\/\/diebessertester.de\/pl\/rejestracja\/\"]}]},{\"@type\":\"BreadcrumbList\",\"@id\":\"https:\/\/diebessertester.de\/pl\/rejestracja\/#breadcrumb\",\"itemListElement\":[{\"@type\":\"ListItem\",\"position\":1,\"name\":\"Startseite\",\"item\":\"https:\/\/diebessertester.de\/pl\/strona-glowna\/\"},{\"@type\":\"ListItem\",\"position\":2,\"name\":\"Rejestracja\"}]},{\"@type\":\"WebSite\",\"@id\":\"https:\/\/diebessertester.de\/pl\/#website\",\"url\":\"https:\/\/diebessertester.de\/pl\/\",\"name\":\"Die Bessertester\",\"description\":\"informieren \u2013 testen \u2013 leben\",\"publisher\":{\"@id\":\"https:\/\/diebessertester.de\/pl\/#organization\"},\"potentialAction\":[{\"@type\":\"SearchAction\",\"target\":{\"@type\":\"EntryPoint\",\"urlTemplate\":\"https:\/\/diebessertester.de\/pl\/?s={search_term_string}\"},\"query-input\":\"required name=search_term_string\"}],\"inLanguage\":\"pl-PL\"},{\"@type\":\"Organization\",\"@id\":\"https:\/\/diebessertester.de\/pl\/#organization\",\"name\":\"Die BesserTester\",\"url\":\"https:\/\/diebessertester.de\/pl\/\",\"logo\":{\"@type\":\"ImageObject\",\"inLanguage\":\"pl-PL\",\"@id\":\"https:\/\/diebessertester.de\/pl\/#\/schema\/logo\/image\/\",\"url\":\"https:\/\/diebessertester.de\/wp-content\/uploads\/2021\/12\/Die-BesserTester_Logo_L.png\",\"contentUrl\":\"https:\/\/diebessertester.de\/wp-content\/uploads\/2021\/12\/Die-BesserTester_Logo_L.png\",\"width\":360,\"height\":60,\"caption\":\"Die BesserTester\"},\"image\":{\"@id\":\"https:\/\/diebessertester.de\/pl\/#\/schema\/logo\/image\/\"},\"sameAs\":[\"https:\/\/www.facebook.com\/diebessertester\",\"https:\/\/twitter.com\/bessertester\",\"https:\/\/www.instagram.com\/diebessertester\/\"]}]}<\/script>\n<!-- \/ Yoast SEO plugin. -->","yoast_head_json":{"title":"Rejestracja | Die Bessertester","robots":{"index":"index","follow":"follow","max-snippet":"max-snippet:-1","max-image-preview":"max-image-preview:large","max-video-preview":"max-video-preview:-1"},"canonical":"https:\/\/diebessertester.de\/pl\/rejestracja\/","og_locale":"pl_PL","og_type":"article","og_title":"Rejestracja | Die Bessertester","og_description":"Rejestracja DieBesserTester s\u0105 cyfrowe i nadal dost\u0119pne na miejscu: Utw\u00f3rz kod QR Po prostu utw\u00f3rz kod QR przed pierwsz\u0105 wizyt\u0105. Kod QR mo\u017cna zapisa\u0107 i sprawia, \u017ce kolejna wizyta jest jeszcze \u0142atwiejsza &#8211; nawet bez um\u00f3wionego spotkania. DieBesserTester wesprze Ci\u0119 w rejestracji: um\u00f3wi\u0107 si\u0119 na wizyt\u0119 \u0141atwo te\u017c um\u00f3wi\u0107 si\u0119 na spotkanie bezpo\u015brednio podczas rejestracji.&hellip;","og_url":"https:\/\/diebessertester.de\/pl\/rejestracja\/","og_site_name":"Die Bessertester","article_publisher":"https:\/\/www.facebook.com\/diebessertester","article_modified_time":"2022-03-02T20:14:18+00:00","og_image":[{"url":"https:\/\/diebessertester.de\/wp-content\/uploads\/2021\/11\/Header_03.jpg"}],"twitter_card":"summary_large_image","twitter_site":"@bessertester","schema":{"@context":"https:\/\/schema.org","@graph":[{"@type":"WebPage","@id":"https:\/\/diebessertester.de\/pl\/rejestracja\/","url":"https:\/\/diebessertester.de\/pl\/rejestracja\/","name":"Rejestracja | Die Bessertester","isPartOf":{"@id":"https:\/\/diebessertester.de\/pl\/#website"},"datePublished":"2021-11-26T10:33:12+00:00","dateModified":"2022-03-02T20:14:18+00:00","breadcrumb":{"@id":"https:\/\/diebessertester.de\/pl\/rejestracja\/#breadcrumb"},"inLanguage":"pl-PL","potentialAction":[{"@type":"ReadAction","target":["https:\/\/diebessertester.de\/pl\/rejestracja\/"]}]},{"@type":"BreadcrumbList","@id":"https:\/\/diebessertester.de\/pl\/rejestracja\/#breadcrumb","itemListElement":[{"@type":"ListItem","position":1,"name":"Startseite","item":"https:\/\/diebessertester.de\/pl\/strona-glowna\/"},{"@type":"ListItem","position":2,"name":"Rejestracja"}]},{"@type":"WebSite","@id":"https:\/\/diebessertester.de\/pl\/#website","url":"https:\/\/diebessertester.de\/pl\/","name":"Die Bessertester","description":"informieren \u2013 testen \u2013 leben","publisher":{"@id":"https:\/\/diebessertester.de\/pl\/#organization"},"potentialAction":[{"@type":"SearchAction","target":{"@type":"EntryPoint","urlTemplate":"https:\/\/diebessertester.de\/pl\/?s={search_term_string}"},"query-input":"required name=search_term_string"}],"inLanguage":"pl-PL"},{"@type":"Organization","@id":"https:\/\/diebessertester.de\/pl\/#organization","name":"Die BesserTester","url":"https:\/\/diebessertester.de\/pl\/","logo":{"@type":"ImageObject","inLanguage":"pl-PL","@id":"https:\/\/diebessertester.de\/pl\/#\/schema\/logo\/image\/","url":"https:\/\/diebessertester.de\/wp-content\/uploads\/2021\/12\/Die-BesserTester_Logo_L.png","contentUrl":"https:\/\/diebessertester.de\/wp-content\/uploads\/2021\/12\/Die-BesserTester_Logo_L.png","width":360,"height":60,"caption":"Die BesserTester"},"image":{"@id":"https:\/\/diebessertester.de\/pl\/#\/schema\/logo\/image\/"},"sameAs":["https:\/\/www.facebook.com\/diebessertester","https:\/\/twitter.com\/bessertester","https:\/\/www.instagram.com\/diebessertester\/"]}]}},"publishpress_future_action":{"enabled":false,"date":"1970-01-01 01:00:00","action":"","terms":[],"taxonomy":"","browser_timezone_offset":0},"_links":{"self":[{"href":"https:\/\/diebessertester.de\/pl\/wp-json\/wp\/v2\/pages\/7964"}],"collection":[{"href":"https:\/\/diebessertester.de\/pl\/wp-json\/wp\/v2\/pages"}],"about":[{"href":"https:\/\/diebessertester.de\/pl\/wp-json\/wp\/v2\/types\/page"}],"author":[{"embeddable":true,"href":"https:\/\/diebessertester.de\/pl\/wp-json\/wp\/v2\/users\/6"}],"replies":[{"embeddable":true,"href":"https:\/\/diebessertester.de\/pl\/wp-json\/wp\/v2\/comments?post=7964"}],"version-history":[{"count":0,"href":"https:\/\/diebessertester.de\/pl\/wp-json\/wp\/v2\/pages\/7964\/revisions"}],"wp:attachment":[{"href":"https:\/\/diebessertester.de\/pl\/wp-json\/wp\/v2\/media?parent=7964"}],"curies":[{"name":"wp","href":"https:\/\/api.w.org\/{rel}","templated":true}]}}